{"id":10,"date":"2019-11-15T19:45:43","date_gmt":"2019-11-15T18:45:43","guid":{"rendered":"http:\/\/abantoun.com\/?page_id=10"},"modified":"2021-05-11T22:48:33","modified_gmt":"2021-05-11T20:48:33","slug":"contact","status":"publish","type":"page","link":"https:\/\/www.abantoun.com\/index.php\/contact\/","title":{"rendered":""},"content":{"rendered":"\t\t<div data-elementor-type=\"wp-page\" data-elementor-id=\"10\" class=\"elementor elementor-10\">\n\t\t\t\t\t\t<section class=\"elementor-section elementor-top-section elementor-element elementor-element-956505d elementor-section-boxed elementor-section-height-default elementor-section-height-default\" data-id=\"956505d\" data-element_type=\"section\" data-e-type=\"section\">\n\t\t\t\t\t\t\t<div class=\"elementor-background-overlay\"><\/div>\n\t\t\t\t\t\t\t<div class=\"elementor-container elementor-column-gap-default\">\n\t\t\t\t\t<div class=\"elementor-column elementor-col-100 elementor-top-column elementor-element elementor-element-8fad294\" data-id=\"8fad294\" data-element_type=\"column\" data-e-type=\"column\">\n\t\t\t<div class=\"elementor-widget-wrap elementor-element-populated\">\n\t\t\t\t\t\t<div class=\"elementor-element elementor-element-564dde9 elementor-widget__width-initial elementor-widget elementor-widget-heading\" data-id=\"564dde9\" data-element_type=\"widget\" data-e-type=\"widget\" data-widget_type=\"heading.default\">\n\t\t\t\t<div class=\"elementor-widget-container\">\n\t\t\t\t\t<h3 class=\"elementor-heading-title elementor-size-default\">Contact<\/h3>\t\t\t\t<\/div>\n\t\t\t\t<\/div>\n\t\t\t\t<div class=\"elementor-element elementor-element-5c91dbd elementor-widget elementor-widget-wpforms\" data-id=\"5c91dbd\" data-element_type=\"widget\" data-e-type=\"widget\" data-widget_type=\"wpforms.default\">\n\t\t\t\t<div class=\"elementor-widget-container\">\n\t\t\t\t\t<div class=\"wpforms-container wpforms-container-full\" id=\"wpforms-1171\"><form id=\"wpforms-form-1171\" class=\"wpforms-validate wpforms-form\" data-formid=\"1171\" method=\"post\" enctype=\"multipart\/form-data\" action=\"\/index.php\/wp-json\/wp\/v2\/pages\/10\" data-token=\"29c27c5274b071e7a4800051455c5736\" data-token-time=\"1778921184\"><noscript class=\"wpforms-error-noscript\">Veuillez activer JavaScript dans votre navigateur pour remplir ce formulaire.<\/noscript><div class=\"wpforms-field-container\"><div id=\"wpforms-1171-field_1-container\" class=\"wpforms-field wpforms-field-name\" data-field-id=\"1\"><label class=\"wpforms-field-label\">Nom <span class=\"wpforms-required-label\">*<\/span><\/label><div class=\"wpforms-field-row wpforms-field-large\"><div class=\"wpforms-field-row-block wpforms-first wpforms-one-half\"><input type=\"text\" id=\"wpforms-1171-field_1\" class=\"wpforms-field-name-first wpforms-field-required\" name=\"wpforms[fields][1][first]\" required><label for=\"wpforms-1171-field_1\" class=\"wpforms-field-sublabel after\">Pr\u00e9nom<\/label><\/div><div class=\"wpforms-field-row-block wpforms-one-half\"><input type=\"text\" id=\"wpforms-1171-field_1-last\" class=\"wpforms-field-name-last wpforms-field-required\" name=\"wpforms[fields][1][last]\" required><label for=\"wpforms-1171-field_1-last\" class=\"wpforms-field-sublabel after\">Nom<\/label><\/div><\/div><\/div><div id=\"wpforms-1171-field_3-container\" class=\"wpforms-field wpforms-field-select wpforms-field-select-style-modern\" data-field-id=\"3\"><label class=\"wpforms-field-label\" for=\"wpforms-1171-field_3\">Qui suis-je? <span class=\"wpforms-required-label\">*<\/span><\/label><select id=\"wpforms-1171-field_3\" class=\"wpforms-field-large wpforms-field-required choicesjs-select\" data-size-class=\"wpforms-field-row wpforms-field-large\" data-search-enabled=\"\" name=\"wpforms[fields][3]\" required=\"required\"><option value=\"\" class=\"placeholder\" disabled  selected='selected'><\/option><option value=\"1 choix\"  class=\"choice-1 depth-1\"  >1 choix<\/option><option value=\"Particulier\"  class=\"choice-2 depth-1\"  >Particulier<\/option><option value=\"Soci\u00e9t\u00e9\"  class=\"choice-3 depth-1\"  >Soci\u00e9t\u00e9<\/option><\/select><\/div><div id=\"wpforms-1171-field_4-container\" class=\"wpforms-field wpforms-field-number\" data-field-id=\"4\"><label class=\"wpforms-field-label\" for=\"wpforms-1171-field_4\">T\u00e9l\u00e9phone <span class=\"wpforms-required-label\">*<\/span><\/label><input type=\"number\" id=\"wpforms-1171-field_4\" class=\"wpforms-field-large wpforms-field-required\" name=\"wpforms[fields][4]\" step=\"any\" required><\/div><div id=\"wpforms-1171-field_5-container\" class=\"wpforms-field wpforms-field-email\" data-field-id=\"5\"><label class=\"wpforms-field-label\" for=\"wpforms-1171-field_5\">E-mail <span class=\"wpforms-required-label\">*<\/span><\/label><input type=\"email\" id=\"wpforms-1171-field_5\" class=\"wpforms-field-large wpforms-field-required\" name=\"wpforms[fields][5]\" spellcheck=\"false\" required><\/div><div id=\"wpforms-1171-field_6-container\" class=\"wpforms-field wpforms-field-text\" data-field-id=\"6\"><label class=\"wpforms-field-label\" for=\"wpforms-1171-field_6\">Object <span class=\"wpforms-required-label\">*<\/span><\/label><input type=\"text\" id=\"wpforms-1171-field_6\" class=\"wpforms-field-large wpforms-field-required\" name=\"wpforms[fields][6]\" required><\/div><div id=\"wpforms-1171-field_7-container\" class=\"wpforms-field wpforms-field-textarea span stylefont-weight 800color redbackground-color\" data-field-id=\"7\"><label class=\"wpforms-field-label\" for=\"wpforms-1171-field_7\">Message <span class=\"wpforms-required-label\">*<\/span><\/label><textarea id=\"wpforms-1171-field_7\" class=\"wpforms-field-medium wpforms-field-required\" name=\"wpforms[fields][7]\" required><\/textarea><\/div><div id=\"wpforms-1171-field_8-container\" class=\"wpforms-field wpforms-field-checkbox\" data-field-id=\"8\"><ul id=\"wpforms-1171-field_8\"><li class=\"choice-1 depth-1\"><input type=\"checkbox\" id=\"wpforms-1171-field_8_1\" name=\"wpforms[fields][8][]\" value=\"J&#039;accepte de communiquer mes informations \u00e0 ABA N&#039;TOUN.\"  ><label class=\"wpforms-field-label-inline\" for=\"wpforms-1171-field_8_1\">J'accepte de communiquer mes informations \u00e0 ABA N'TOUN.<\/label><\/li><\/ul><\/div><\/div><!-- .wpforms-field-container --><div class=\"wpforms-field wpforms-field-hp\"><label for=\"wpforms-1171-field-hp\" class=\"wpforms-field-label\">Phone<\/label><input type=\"text\" name=\"wpforms[hp]\" id=\"wpforms-1171-field-hp\" class=\"wpforms-field-medium\"><\/div><div class=\"wpforms-submit-container\" ><input type=\"hidden\" name=\"wpforms[id]\" value=\"1171\"><input type=\"hidden\" name=\"page_title\" value=\"\"><input type=\"hidden\" name=\"page_url\" value=\"https:\/\/www.abantoun.com\/index.php\/wp-json\/wp\/v2\/pages\/10\"><input type=\"hidden\" name=\"url_referer\" value=\"\"><button type=\"submit\" name=\"wpforms[submit]\" id=\"wpforms-submit-1171\" class=\"wpforms-submit\" data-alt-text=\"Envoi...\" data-submit-text=\"Envoyer\" aria-live=\"assertive\" value=\"wpforms-submit\">Envoyer<\/button><\/div><\/form><\/div>  <!-- .wpforms-container -->\t\t\t\t<\/div>\n\t\t\t\t<\/div>\n\t\t\t\t\t<\/div>\n\t\t<\/div>\n\t\t\t\t\t<\/div>\n\t\t<\/section>\n\t\t\t\t<section class=\"elementor-section elementor-top-section elementor-element elementor-element-55c23793 elementor-section-content-middle elementor-section-boxed elementor-section-height-default elementor-section-height-default\" data-id=\"55c23793\" data-element_type=\"section\" data-e-type=\"section\" data-settings=\"{&quot;background_background&quot;:&quot;classic&quot;}\">\n\t\t\t\t\t\t<div class=\"elementor-container elementor-column-gap-default\">\n\t\t\t\t\t<div class=\"elementor-column elementor-col-50 elementor-top-column elementor-element elementor-element-4b51e255\" data-id=\"4b51e255\" data-element_type=\"column\" data-e-type=\"column\">\n\t\t\t<div class=\"elementor-widget-wrap elementor-element-populated\">\n\t\t\t\t\t\t<div class=\"elementor-element elementor-element-42d317b0 elementor-drop-cap-yes elementor-drop-cap-view-default elementor-widget elementor-widget-text-editor\" data-id=\"42d317b0\" data-element_type=\"widget\" data-e-type=\"widget\" data-settings=\"{&quot;drop_cap&quot;:&quot;yes&quot;}\" data-widget_type=\"text-editor.default\">\n\t\t\t\t<div class=\"elementor-widget-container\">\n\t\t\t\t\t\t\t\t\t<p><span style=\"color: #000000;\"><span style=\"face: arial;\"><span style=\"font-size: large;\"><strong>ABA N&rsquo;TOUN<\/strong><\/span><\/span><\/span><\/p><p><span style=\"color: #000000;\"><span style=\"face: arial;\"><span style=\"font-size: medium;\"><strong>Soci\u00e9t\u00e9 par Action Simplifi\u00e9e Unipersonnelle<\/strong><\/span><\/span><\/span><\/p><p><span style=\"color: #000000;\"><span style=\"face: arial;\"><span style=\"font-size: medium;\"><strong>Ouagadougou &#8211; Burkina Faso<\/strong><\/span><\/span><\/span><\/p><p><span style=\"color: #000000;\"><span style=\"face: arial;\"><span style=\"font-size: medium;\"><strong>Whatsapp: <\/strong>+226 70 23 97 19<\/span><\/span><\/span><\/p><p><span style=\"color: #000000;\"><span style=\"face: arial;\"><span style=\"font-size: medium;\"><strong>Contact: <\/strong>+226 66 77 74 29<\/span><\/span><\/span><\/p><p><span style=\"color: #000000;\"><span style=\"face: arial;\"><span style=\"font-size: medium;\"><strong>Email: <\/strong><a href=\"mailto:contact@abantoun.com\">contact@abantoun.com<\/a><\/span><\/span><\/span><\/p>\t\t\t\t\t\t\t\t<\/div>\n\t\t\t\t<\/div>\n\t\t\t\t\t<\/div>\n\t\t<\/div>\n\t\t\t\t<div class=\"elementor-column elementor-col-50 elementor-top-column elementor-element elementor-element-27a7f84\" data-id=\"27a7f84\" data-element_type=\"column\" data-e-type=\"column\">\n\t\t\t<div class=\"elementor-widget-wrap elementor-element-populated\">\n\t\t\t\t\t\t<div class=\"elementor-element elementor-element-5deb2d9f elementor-widget elementor-widget-google_maps\" data-id=\"5deb2d9f\" data-element_type=\"widget\" data-e-type=\"widget\" data-widget_type=\"google_maps.default\">\n\t\t\t\t<div class=\"elementor-widget-container\">\n\t\t\t\t\t\t\t<div class=\"elementor-custom-embed\">\n\t\t\t<iframe loading=\"lazy\"\n\t\t\t\t\tsrc=\"https:\/\/maps.google.com\/maps?q=Ouagadougou&#038;t=m&#038;z=13&#038;output=embed&#038;iwloc=near\"\n\t\t\t\t\ttitle=\"Ouagadougou\"\n\t\t\t\t\taria-label=\"Ouagadougou\"\n\t\t\t><\/iframe>\n\t\t<\/div>\n\t\t\t\t\t\t<\/div>\n\t\t\t\t<\/div>\n\t\t\t\t\t<\/div>\n\t\t<\/div>\n\t\t\t\t\t<\/div>\n\t\t<\/section>\n\t\t\t\t<\/div>\n\t\t","protected":false},"excerpt":{"rendered":"<p>Contact ABA N&rsquo;TOUN Soci\u00e9t\u00e9 par Action Simplifi\u00e9e Unipersonnelle Ouagadougou &#8211; Burkina Faso Whatsapp: +226 70 23 97 19 Contact: +226 66 77 74 29 Email: contact@abantoun.com<\/p>\n","protected":false},"author":1,"featured_media":758,"parent":0,"menu_order":0,"comment_status":"closed","ping_status":"closed","template":"","meta":{"_monsterinsights_skip_tracking":false,"_monsterinsights_sitenote_active":false,"_monsterinsights_sitenote_note":"","_monsterinsights_sitenote_category":0,"neve_meta_sidebar":"default","neve_meta_container":"default","neve_meta_enable_content_width":"off","neve_meta_content_width":70,"neve_meta_title_alignment":"","neve_meta_author_avatar":"","neve_post_elements_order":"","neve_meta_disable_header":"off","neve_meta_disable_footer":"off","neve_meta_disable_title":"off","_themeisle_gutenberg_block_has_review":false,"footnotes":""},"class_list":["post-10","page","type-page","status-publish","has-post-thumbnail","hentry"],"yoast_head":"<!-- This site is optimized with the Yoast SEO plugin v26.3 - https:\/\/yoast.com\/wordpress\/plugins\/seo\/ -->\n<title>Contact - ABA N&#039;TOUN (ANT) - OUAGADOUGOU - BURKINA FASO<\/title>\n<meta name=\"description\" content=\"ABA N\u2019TOUN (ANT) est une Soci\u00e9t\u00e9 par Action Simplifi\u00e9e Unipersonnelle (SASU) situ\u00e9e \u00e0 Ouagadougou \u2013 Burkina Faso. Son CEO est Djibril Sa\u00efd Y\u00e9nan NAO.\" \/>\n<meta name=\"robots\" content=\"index, follow, max-snippet:-1, max-image-preview:large, max-video-preview:-1\" \/>\n<link rel=\"canonical\" href=\"https:\/\/www.abantoun.com\/index.php\/contact\/\" \/>\n<meta property=\"og:locale\" content=\"fr_FR\" \/>\n<meta property=\"og:type\" content=\"article\" \/>\n<meta property=\"og:title\" content=\"Contact - ABA N&#039;TOUN (ANT) - OUAGADOUGOU - BURKINA FASO\" \/>\n<meta property=\"og:description\" content=\"ABA N\u2019TOUN (ANT) est une Soci\u00e9t\u00e9 par Action Simplifi\u00e9e Unipersonnelle (SASU) situ\u00e9e \u00e0 Ouagadougou \u2013 Burkina Faso. Son CEO est Djibril Sa\u00efd Y\u00e9nan NAO.\" \/>\n<meta property=\"og:url\" content=\"https:\/\/www.abantoun.com\/index.php\/contact\/\" \/>\n<meta property=\"article:modified_time\" content=\"2021-05-11T20:48:33+00:00\" \/>\n<meta property=\"og:image\" content=\"https:\/\/www.abantoun.com\/wp-content\/uploads\/2019\/11\/23017-scaled.jpg\" \/>\n\t<meta property=\"og:image:width\" content=\"2560\" \/>\n\t<meta property=\"og:image:height\" content=\"1709\" \/>\n\t<meta property=\"og:image:type\" content=\"image\/jpeg\" \/>\n<meta name=\"twitter:card\" content=\"summary_large_image\" \/>\n<meta name=\"twitter:label1\" content=\"Dur\u00e9e de lecture estim\u00e9e\" \/>\n\t<meta name=\"twitter:data1\" content=\"1 minute\" \/>\n<script type=\"application\/ld+json\" class=\"yoast-schema-graph\">{\"@context\":\"https:\/\/schema.org\",\"@graph\":[{\"@type\":\"WebPage\",\"@id\":\"https:\/\/www.abantoun.com\/index.php\/contact\/\",\"url\":\"https:\/\/www.abantoun.com\/index.php\/contact\/\",\"name\":\"Contact - ABA N'TOUN (ANT) - OUAGADOUGOU - BURKINA FASO\",\"isPartOf\":{\"@id\":\"https:\/\/www.abantoun.com\/#website\"},\"primaryImageOfPage\":{\"@id\":\"https:\/\/www.abantoun.com\/index.php\/contact\/#primaryimage\"},\"image\":{\"@id\":\"https:\/\/www.abantoun.com\/index.php\/contact\/#primaryimage\"},\"thumbnailUrl\":\"https:\/\/www.abantoun.com\/wp-content\/uploads\/2019\/11\/23017-scaled.jpg\",\"datePublished\":\"2019-11-15T18:45:43+00:00\",\"dateModified\":\"2021-05-11T20:48:33+00:00\",\"description\":\"ABA N\u2019TOUN (ANT) est une Soci\u00e9t\u00e9 par Action Simplifi\u00e9e Unipersonnelle (SASU) situ\u00e9e \u00e0 Ouagadougou \u2013 Burkina Faso. Son CEO est Djibril Sa\u00efd Y\u00e9nan NAO.\",\"breadcrumb\":{\"@id\":\"https:\/\/www.abantoun.com\/index.php\/contact\/#breadcrumb\"},\"inLanguage\":\"fr-FR\",\"potentialAction\":[{\"@type\":\"ReadAction\",\"target\":[\"https:\/\/www.abantoun.com\/index.php\/contact\/\"]}]},{\"@type\":\"ImageObject\",\"inLanguage\":\"fr-FR\",\"@id\":\"https:\/\/www.abantoun.com\/index.php\/contact\/#primaryimage\",\"url\":\"https:\/\/www.abantoun.com\/wp-content\/uploads\/2019\/11\/23017-scaled.jpg\",\"contentUrl\":\"https:\/\/www.abantoun.com\/wp-content\/uploads\/2019\/11\/23017-scaled.jpg\",\"width\":2560,\"height\":1709,\"caption\":\"Diverse business colleagues shoo\"},{\"@type\":\"BreadcrumbList\",\"@id\":\"https:\/\/www.abantoun.com\/index.php\/contact\/#breadcrumb\",\"itemListElement\":[]},{\"@type\":\"WebSite\",\"@id\":\"https:\/\/www.abantoun.com\/#website\",\"url\":\"https:\/\/www.abantoun.com\/\",\"name\":\"\",\"description\":\"Soci\u00e9t\u00e9 de conseil et d&#039;assistance technique en ing\u00e9nierie\",\"potentialAction\":[{\"@type\":\"SearchAction\",\"target\":{\"@type\":\"EntryPoint\",\"urlTemplate\":\"https:\/\/www.abantoun.com\/?s={search_term_string}\"},\"query-input\":{\"@type\":\"PropertyValueSpecification\",\"valueRequired\":true,\"valueName\":\"search_term_string\"}}],\"inLanguage\":\"fr-FR\"}]}<\/script>\n<!-- \/ Yoast SEO plugin. -->","yoast_head_json":{"title":"Contact - ABA N'TOUN (ANT) - OUAGADOUGOU - BURKINA FASO","description":"ABA N\u2019TOUN (ANT) est une Soci\u00e9t\u00e9 par Action Simplifi\u00e9e Unipersonnelle (SASU) situ\u00e9e \u00e0 Ouagadougou \u2013 Burkina Faso. Son CEO est Djibril Sa\u00efd Y\u00e9nan NAO.","robots":{"index":"index","follow":"follow","max-snippet":"max-snippet:-1","max-image-preview":"max-image-preview:large","max-video-preview":"max-video-preview:-1"},"canonical":"https:\/\/www.abantoun.com\/index.php\/contact\/","og_locale":"fr_FR","og_type":"article","og_title":"Contact - ABA N'TOUN (ANT) - OUAGADOUGOU - BURKINA FASO","og_description":"ABA N\u2019TOUN (ANT) est une Soci\u00e9t\u00e9 par Action Simplifi\u00e9e Unipersonnelle (SASU) situ\u00e9e \u00e0 Ouagadougou \u2013 Burkina Faso. Son CEO est Djibril Sa\u00efd Y\u00e9nan NAO.","og_url":"https:\/\/www.abantoun.com\/index.php\/contact\/","article_modified_time":"2021-05-11T20:48:33+00:00","og_image":[{"width":2560,"height":1709,"url":"https:\/\/www.abantoun.com\/wp-content\/uploads\/2019\/11\/23017-scaled.jpg","type":"image\/jpeg"}],"twitter_card":"summary_large_image","twitter_misc":{"Dur\u00e9e de lecture estim\u00e9e":"1 minute"},"schema":{"@context":"https:\/\/schema.org","@graph":[{"@type":"WebPage","@id":"https:\/\/www.abantoun.com\/index.php\/contact\/","url":"https:\/\/www.abantoun.com\/index.php\/contact\/","name":"Contact - ABA N'TOUN (ANT) - OUAGADOUGOU - BURKINA FASO","isPartOf":{"@id":"https:\/\/www.abantoun.com\/#website"},"primaryImageOfPage":{"@id":"https:\/\/www.abantoun.com\/index.php\/contact\/#primaryimage"},"image":{"@id":"https:\/\/www.abantoun.com\/index.php\/contact\/#primaryimage"},"thumbnailUrl":"https:\/\/www.abantoun.com\/wp-content\/uploads\/2019\/11\/23017-scaled.jpg","datePublished":"2019-11-15T18:45:43+00:00","dateModified":"2021-05-11T20:48:33+00:00","description":"ABA N\u2019TOUN (ANT) est une Soci\u00e9t\u00e9 par Action Simplifi\u00e9e Unipersonnelle (SASU) situ\u00e9e \u00e0 Ouagadougou \u2013 Burkina Faso. Son CEO est Djibril Sa\u00efd Y\u00e9nan NAO.","breadcrumb":{"@id":"https:\/\/www.abantoun.com\/index.php\/contact\/#breadcrumb"},"inLanguage":"fr-FR","potentialAction":[{"@type":"ReadAction","target":["https:\/\/www.abantoun.com\/index.php\/contact\/"]}]},{"@type":"ImageObject","inLanguage":"fr-FR","@id":"https:\/\/www.abantoun.com\/index.php\/contact\/#primaryimage","url":"https:\/\/www.abantoun.com\/wp-content\/uploads\/2019\/11\/23017-scaled.jpg","contentUrl":"https:\/\/www.abantoun.com\/wp-content\/uploads\/2019\/11\/23017-scaled.jpg","width":2560,"height":1709,"caption":"Diverse business colleagues shoo"},{"@type":"BreadcrumbList","@id":"https:\/\/www.abantoun.com\/index.php\/contact\/#breadcrumb","itemListElement":[]},{"@type":"WebSite","@id":"https:\/\/www.abantoun.com\/#website","url":"https:\/\/www.abantoun.com\/","name":"","description":"Soci\u00e9t\u00e9 de conseil et d&#039;assistance technique en ing\u00e9nierie","potentialAction":[{"@type":"SearchAction","target":{"@type":"EntryPoint","urlTemplate":"https:\/\/www.abantoun.com\/?s={search_term_string}"},"query-input":{"@type":"PropertyValueSpecification","valueRequired":true,"valueName":"search_term_string"}}],"inLanguage":"fr-FR"}]}},"_links":{"self":[{"href":"https:\/\/www.abantoun.com\/index.php\/wp-json\/wp\/v2\/pages\/10","targetHints":{"allow":["GET"]}}],"collection":[{"href":"https:\/\/www.abantoun.com\/index.php\/wp-json\/wp\/v2\/pages"}],"about":[{"href":"https:\/\/www.abantoun.com\/index.php\/wp-json\/wp\/v2\/types\/page"}],"author":[{"embeddable":true,"href":"https:\/\/www.abantoun.com\/index.php\/wp-json\/wp\/v2\/users\/1"}],"replies":[{"embeddable":true,"href":"https:\/\/www.abantoun.com\/index.php\/wp-json\/wp\/v2\/comments?post=10"}],"version-history":[{"count":110,"href":"https:\/\/www.abantoun.com\/index.php\/wp-json\/wp\/v2\/pages\/10\/revisions"}],"predecessor-version":[{"id":1692,"href":"https:\/\/www.abantoun.com\/index.php\/wp-json\/wp\/v2\/pages\/10\/revisions\/1692"}],"wp:featuredmedia":[{"embeddable":true,"href":"https:\/\/www.abantoun.com\/index.php\/wp-json\/wp\/v2\/media\/758"}],"wp:attachment":[{"href":"https:\/\/www.abantoun.com\/index.php\/wp-json\/wp\/v2\/media?parent=10"}],"curies":[{"name":"wp","href":"https:\/\/api.w.org\/{rel}","templated":true}]}}